{"id":67,"date":"2023-08-15T00:20:08","date_gmt":"2023-08-15T00:20:08","guid":{"rendered":"https:\/\/www.globusfahrer.ch\/?page_id=67"},"modified":"2023-09-19T22:54:48","modified_gmt":"2023-09-20T05:54:48","slug":"ueber","status":"publish","type":"page","link":"https:\/\/www.globusfahrer.ch\/en\/ueber\/","title":{"rendered":"About"},"content":{"rendered":"<p>Just do a trip man, you know, just head out and bye? Bruh you can work forever later you know?<\/p>\n\n\n\n<p>In June 2023 I finished my electrical engineering studies at ETH Zurich. For a long time I've been thinking, Bro, now you just leave Switzerland for a while ok? Out of the comfort zone. And that's what I'm doing now, by airplane, train, bicycle, bus and ship. Originally I plan to take \"only\" two flights, you know climate duh, crossing the Atlantic and Pacific Ocean. I'm sure it's not gonna be easy and we'll see how that goes!<\/p>\n\n\n\n<p>For starters, I'm going to bartender school in New York City and then planned a six-week bicycle trip from Denver to Los Angeles. What comes after is still open. Have fun reading!<\/p>\n\n\n\n<p>\"Dude, blogs are so totally out, do Instavlogs\" - Do I want to spend eight hours per day editing videos? Yes, vlogs are cool. But sometimes, less is more.<\/p>\n\n\n\n<p>\"There's too much text and too few images\" (or vice versa, or any other complaint) - Let me know, I'm glad to get feedback!<\/p>\n\n\n\n<p>\"I'm too tired to read the blog\" *scrolls through Youtube for 1.5 hours* - hmmm...<\/p>","protected":false},"excerpt":{"rendered":"<p>Mach mal n Reise, einfach mal so tsch\u00fcsstschau, ne? Arbeiten kannste noch lange, duh, weisste? Im Juni 2023 habe ich das Elektrotechnikstudium an der ETH Z\u00fcrich abgeschlossen. Und schon l\u00e4nger dachte ich mir, Kollege, jetzt gehst einfach mal raus aus der Schweiz ok? Einfach mal aus der Komfortzone. Und das mache ich jetzt, mit Flugzeug, [&hellip;]<\/p>\n","protected":false},"author":1,"featured_media":0,"parent":0,"menu_order":0,"comment_status":"closed","ping_status":"closed","template":"","meta":{"footnotes":""},"class_list":["post-67","page","type-page","status-publish","hentry"],"_links":{"self":[{"href":"https:\/\/www.globusfahrer.ch\/en\/wp-json\/wp\/v2\/pages\/67","targetHints":{"allow":["GET"]}}],"collection":[{"href":"https:\/\/www.globusfahrer.ch\/en\/wp-json\/wp\/v2\/pages"}],"about":[{"href":"https:\/\/www.globusfahrer.ch\/en\/wp-json\/wp\/v2\/types\/page"}],"author":[{"embeddable":true,"href":"https:\/\/www.globusfahrer.ch\/en\/wp-json\/wp\/v2\/users\/1"}],"replies":[{"embeddable":true,"href":"https:\/\/www.globusfahrer.ch\/en\/wp-json\/wp\/v2\/comments?post=67"}],"version-history":[{"count":4,"href":"https:\/\/www.globusfahrer.ch\/en\/wp-json\/wp\/v2\/pages\/67\/revisions"}],"predecessor-version":[{"id":357,"href":"https:\/\/www.globusfahrer.ch\/en\/wp-json\/wp\/v2\/pages\/67\/revisions\/357"}],"wp:attachment":[{"href":"https:\/\/www.globusfahrer.ch\/en\/wp-json\/wp\/v2\/media?parent=67"}],"curies":[{"name":"wp","href":"https:\/\/api.w.org\/{rel}","templated":true}]}}